{"id":4338,"date":"2025-08-04T16:25:47","date_gmt":"2025-08-04T14:25:47","guid":{"rendered":"https:\/\/www.humanys-solutions.ch\/?page_id=4338"},"modified":"2025-11-27T10:16:13","modified_gmt":"2025-11-27T09:16:13","slug":"bewerbung-einreichen","status":"publish","type":"page","link":"https:\/\/www.humanys-solutions.ch\/de\/bewerbung-einreichen\/","title":{"rendered":"Bewerbung einreichen"},"content":{"rendered":"\t\t<div data-elementor-type=\"wp-page\" data-elementor-id=\"4338\" class=\"elementor elementor-4338 elementor-4208\" data-elementor-post-type=\"page\">\n\t\t\t\t<div class=\"elementor-element elementor-element-4bc12f7 e-flex e-con-boxed e-con e-parent\" data-id=\"4bc12f7\" data-element_type=\"container\" data-settings=\"{&quot;background_background&quot;:&quot;classic&quot;}\">\n\t\t\t\t\t<div class=\"e-con-inner\">\n\t\t<div class=\"elementor-element elementor-element-fedefd8 e-con-full e-flex e-con e-child\" data-id=\"fedefd8\" data-element_type=\"container\">\n\t\t\t\t<div class=\"elementor-element elementor-element-7a1c2d9 elementor-widget elementor-widget-heading\" data-id=\"7a1c2d9\" data-element_type=\"widget\" data-widget_type=\"heading.default\">\n\t\t\t\t<div class=\"elementor-widget-container\">\n\t\t\t\t\t<h1 class=\"elementor-heading-title elementor-size-default\">Bewerbung einreichen<\/h1>\t\t\t\t<\/div>\n\t\t\t\t<\/div>\n\t\t\t\t<div class=\"elementor-element elementor-element-7969fdf elementor-widget-divider--view-line elementor-widget elementor-widget-divider\" data-id=\"7969fdf\" data-element_type=\"widget\" data-widget_type=\"divider.default\">\n\t\t\t\t<div class=\"elementor-widget-container\">\n\t\t\t\t\t\t\t<div class=\"elementor-divider\">\n\t\t\t<span class=\"elementor-divider-separator\">\n\t\t\t\t\t\t<\/span>\n\t\t<\/div>\n\t\t\t\t\t\t<\/div>\n\t\t\t\t<\/div>\n\t\t\t\t<\/div>\n\t\t\t\t<div class=\"elementor-element elementor-element-27e2544 elementor-button-align-center elementor-widget elementor-widget-form\" data-id=\"27e2544\" data-element_type=\"widget\" data-settings=\"{&quot;step_next_label&quot;:&quot;Next&quot;,&quot;step_previous_label&quot;:&quot;Previous&quot;,&quot;button_width&quot;:&quot;100&quot;,&quot;step_type&quot;:&quot;number_text&quot;,&quot;step_icon_shape&quot;:&quot;circle&quot;}\" data-widget_type=\"form.default\">\n\t\t\t\t<div class=\"elementor-widget-container\">\n\t\t\t\t\t\t\t<form class=\"elementor-form\" method=\"post\" name=\"contact\">\n\t\t\t<input type=\"hidden\" name=\"post_id\" value=\"4338\"\/>\n\t\t\t<input type=\"hidden\" name=\"form_id\" value=\"27e2544\"\/>\n\t\t\t<input type=\"hidden\" name=\"referer_title\" value=\"Humanys Solutions\" \/>\n\n\t\t\t\n\t\t\t<div class=\"elementor-form-fields-wrapper elementor-labels-above\">\n\t\t\t\t\t\t\t\t<div class=\"elementor-field-type-email elementor-field-group elementor-column elementor-field-group-field_26c5ca3 elementor-col-50 elementor-field-required elementor-mark-required\">\n\t\t\t\t\t\t\t\t\t\t\t\t<label for=\"form-field-field_26c5ca3\" class=\"elementor-field-label\">\n\t\t\t\t\t\t\t\tE-mail\t\t\t\t\t\t\t<\/label>\n\t\t\t\t\t\t\t\t\t\t\t\t\t\t<input size=\"1\" type=\"email\" name=\"form_fields[field_26c5ca3]\" id=\"form-field-field_26c5ca3\" class=\"elementor-field elementor-size-md  elementor-field-textual\" placeholder=\"Ihre E-Mail\" required=\"required\">\n\t\t\t\t\t\t\t\t\t\t\t<\/div>\n\t\t\t\t\t\t\t\t<div class=\"elementor-field-type-html elementor-field-group elementor-column elementor-field-group-field_fa0af74 elementor-col-50\">\n\t\t\t\t\t \t\t\t\t<\/div>\n\t\t\t\t\t\t\t\t<div class=\"elementor-field-type-upload elementor-field-group elementor-column elementor-field-group-field_7cd1af6 elementor-col-50 elementor-field-required elementor-mark-required\">\n\t\t\t\t\t\t\t\t\t\t\t\t<label for=\"form-field-field_7cd1af6\" class=\"elementor-field-label\">\n\t\t\t\t\t\t\t\tCV\t\t\t\t\t\t\t<\/label>\n\t\t\t\t\t\t\t\t<input type=\"file\" name=\"form_fields[field_7cd1af6]\" id=\"form-field-field_7cd1af6\" class=\"elementor-field elementor-size-md  elementor-upload-field\" required=\"required\" data-maxsize=\"20\" data-maxsize-message=\"Diese Datei \u00fcbersteigt die maximale Dateigr\u00f6\u00dfe.\">\n\n\t\t\t\t\t\t<\/div>\n\t\t\t\t\t\t\t\t<div class=\"elementor-field-type-upload elementor-field-group elementor-column elementor-field-group-field_49b8cd5 elementor-col-50\">\n\t\t\t\t\t\t\t\t\t\t\t\t<label for=\"form-field-field_49b8cd5\" class=\"elementor-field-label\">\n\t\t\t\t\t\t\t\tWeitere Dokumente\t\t\t\t\t\t\t<\/label>\n\t\t\t\t\t\t\t\t<input type=\"file\" name=\"form_fields[field_49b8cd5][]\" id=\"form-field-field_49b8cd5\" class=\"elementor-field elementor-size-md  elementor-upload-field\" multiple=\"multiple\" data-maxsize=\"20\" data-maxsize-message=\"Diese Datei \u00fcbersteigt die maximale Dateigr\u00f6\u00dfe.\">\n\n\t\t\t\t\t\t<\/div>\n\t\t\t\t\t\t\t\t<div class=\"elementor-field-type-html elementor-field-group elementor-column elementor-field-group-field_8c79085 elementor-col-100\">\n\t\t\t\t\t<br><hr style=\"border:1px solid white;\">\t\t\t\t<\/div>\n\t\t\t\t\t\t\t\t<div class=\"elementor-field-type-acceptance elementor-field-group elementor-column elementor-field-group-field_6efdc35 elementor-col-100 elementor-field-required elementor-mark-required\">\n\t\t\t\t\t\t\t\t\t\t\t\t<label for=\"form-field-field_6efdc35\" class=\"elementor-field-label\">\n\t\t\t\t\t\t\t\tVerwendung personenbezogener Daten\t\t\t\t\t\t\t<\/label>\n\t\t\t\t\t\t\t\t<div class=\"elementor-field-subgroup\">\n\t\t\t<span class=\"elementor-field-option\">\n\t\t\t\t<input type=\"checkbox\" name=\"form_fields[field_6efdc35]\" id=\"form-field-field_6efdc35\" class=\"elementor-field elementor-size-md  elementor-acceptance-field\" required=\"required\">\n\t\t\t\t<label for=\"form-field-field_6efdc35\">Ich akzeptiere <a href=\"https:\/\/www.interiman-group.ch\/de\/datenschutzbestimmungen\/\" target=\"_blank\">die Datenschutzrichtlinie<\/a> der Interiman Group und ihrer Tochtergesellschaften sowie deren Einwilligungserkl\u00e4rung. Ich nehme zur Kenntnis, dass ich diese jederzeit widerrufen\/\u00e4ndern kann.<\/label>\t\t\t<\/span>\n\t\t<\/div>\n\t\t\t\t\t\t<\/div>\n\t\t\t\t\t\t\t\t<div class=\"elementor-field-type-radio elementor-field-group elementor-column elementor-field-group-field_704b9cf elementor-col-100 elementor-field-required elementor-mark-required\">\n\t\t\t\t\t\t\t\t\t\t\t\t<label for=\"form-field-field_704b9cf\" class=\"elementor-field-label\">\n\t\t\t\t\t\t\t\tIch bin damit einverstanden, Newsletter zu erhalten (Wettbewerbe, Umfragen zur Kundenzufriedenheit, attraktive Angebote, Einladungen zu Veranstaltungen usw.).\t\t\t\t\t\t\t<\/label>\n\t\t\t\t\t\t<div class=\"elementor-field-subgroup  \"><span class=\"elementor-field-option\"><input type=\"radio\" value=\"Ja\" id=\"form-field-field_704b9cf-0\" name=\"form_fields[field_704b9cf]\" required=\"required\"> <label for=\"form-field-field_704b9cf-0\">Ja<\/label><\/span><span class=\"elementor-field-option\"><input type=\"radio\" value=\"Nein\" id=\"form-field-field_704b9cf-1\" name=\"form_fields[field_704b9cf]\" required=\"required\"> <label for=\"form-field-field_704b9cf-1\">Nein<\/label><\/span><\/div>\t\t\t\t<\/div>\n\t\t\t\t\t\t\t\t<div class=\"elementor-field-type-hidden elementor-field-group elementor-column elementor-field-group-field_6a7e03e elementor-col-100\">\n\t\t\t\t\t\t\t\t\t\t\t\t\t<input size=\"1\" type=\"hidden\" name=\"form_fields[field_6a7e03e]\" id=\"form-field-field_6a7e03e\" class=\"elementor-field elementor-size-md  elementor-field-textual\" value=\"17 April 2026 9h42\">\n\t\t\t\t\t\t\t\t\t\t\t<\/div>\n\t\t\t\t\t\t\t\t<div class=\"elementor-field-group elementor-column elementor-field-type-submit elementor-col-100 e-form__buttons\">\n\t\t\t\t\t<button class=\"elementor-button elementor-size-sm elementor-animation-shrink\" type=\"submit\">\n\t\t\t\t\t\t<span class=\"elementor-button-content-wrapper\">\n\t\t\t\t\t\t\t\t\t\t\t\t\t\t\t\t\t\t\t\t\t\t<span class=\"elementor-button-text\">senden<\/span>\n\t\t\t\t\t\t\t\t\t\t\t\t\t<\/span>\n\t\t\t\t\t<\/button>\n\t\t\t\t<\/div>\n\t\t\t<\/div>\n\t\t<\/form>\n\t\t\t\t\t\t<\/div>\n\t\t\t\t<\/div>\n\t\t\t\t\t<\/div>\n\t\t\t\t<\/div>\n\t\t\t\t<\/div>\n\t\t","protected":false},"excerpt":{"rendered":"<p>Bewerbung einreichen<\/p>\n","protected":false},"author":9,"featured_media":0,"parent":0,"menu_order":0,"comment_status":"closed","ping_status":"closed","template":"","meta":{"_monsterinsights_skip_tracking":false,"_monsterinsights_sitenote_active":false,"_monsterinsights_sitenote_note":"","_monsterinsights_sitenote_category":0,"footnotes":""},"class_list":["post-4338","page","type-page","status-publish","hentry"],"yoast_head":"<!-- This site is optimized with the Yoast SEO plugin v25.2 - https:\/\/yoast.com\/wordpress\/plugins\/seo\/ -->\n<title>Bewerbung einreichen - Humanys Solutions<\/title>\n<meta name=\"robots\" content=\"index, follow, max-snippet:-1, max-image-preview:large, max-video-preview:-1\" \/>\n<link rel=\"canonical\" href=\"https:\/\/www.humanys-solutions.ch\/de\/bewerbung-einreichen\/\" \/>\n<meta property=\"og:locale\" content=\"de_DE\" \/>\n<meta property=\"og:type\" content=\"article\" \/>\n<meta property=\"og:title\" content=\"Bewerbung einreichen - Humanys Solutions\" \/>\n<meta property=\"og:description\" content=\"Bewerbung einreichen\" \/>\n<meta property=\"og:url\" content=\"https:\/\/www.humanys-solutions.ch\/de\/bewerbung-einreichen\/\" \/>\n<meta property=\"og:site_name\" content=\"Humanys Solutions\" \/>\n<meta property=\"article:modified_time\" content=\"2025-11-27T09:16:13+00:00\" \/>\n<meta name=\"twitter:card\" content=\"summary_large_image\" \/>\n<meta name=\"twitter:label1\" content=\"Gesch\u00e4tzte Lesezeit\" \/>\n\t<meta name=\"twitter:data1\" content=\"1\u00a0Minute\" \/>\n<script type=\"application\/ld+json\" class=\"yoast-schema-graph\">{\"@context\":\"https:\/\/schema.org\",\"@graph\":[{\"@type\":\"WebPage\",\"@id\":\"https:\/\/www.humanys-solutions.ch\/de\/bewerbung-einreichen\/\",\"url\":\"https:\/\/www.humanys-solutions.ch\/de\/bewerbung-einreichen\/\",\"name\":\"Bewerbung einreichen - Humanys Solutions\",\"isPartOf\":{\"@id\":\"https:\/\/www.humanys-solutions.ch\/de\/#website\"},\"datePublished\":\"2025-08-04T14:25:47+00:00\",\"dateModified\":\"2025-11-27T09:16:13+00:00\",\"breadcrumb\":{\"@id\":\"https:\/\/www.humanys-solutions.ch\/de\/bewerbung-einreichen\/#breadcrumb\"},\"inLanguage\":\"de\",\"potentialAction\":[{\"@type\":\"ReadAction\",\"target\":[\"https:\/\/www.humanys-solutions.ch\/de\/bewerbung-einreichen\/\"]}]},{\"@type\":\"BreadcrumbList\",\"@id\":\"https:\/\/www.humanys-solutions.ch\/de\/bewerbung-einreichen\/#breadcrumb\",\"itemListElement\":[{\"@type\":\"ListItem\",\"position\":1,\"name\":\"Accueil\",\"item\":\"https:\/\/www.humanys-solutions.ch\/de\/\"},{\"@type\":\"ListItem\",\"position\":2,\"name\":\"Bewerbung einreichen\"}]},{\"@type\":\"WebSite\",\"@id\":\"https:\/\/www.humanys-solutions.ch\/de\/#website\",\"url\":\"https:\/\/www.humanys-solutions.ch\/de\/\",\"name\":\"Humanys Solutions\",\"description\":\"\",\"publisher\":{\"@id\":\"https:\/\/www.humanys-solutions.ch\/de\/#organization\"},\"potentialAction\":[{\"@type\":\"SearchAction\",\"target\":{\"@type\":\"EntryPoint\",\"urlTemplate\":\"https:\/\/www.humanys-solutions.ch\/de\/?s={search_term_string}\"},\"query-input\":{\"@type\":\"PropertyValueSpecification\",\"valueRequired\":true,\"valueName\":\"search_term_string\"}}],\"inLanguage\":\"de\"},{\"@type\":\"Organization\",\"@id\":\"https:\/\/www.humanys-solutions.ch\/de\/#organization\",\"name\":\"Humanys Solutions\",\"url\":\"https:\/\/www.humanys-solutions.ch\/de\/\",\"logo\":{\"@type\":\"ImageObject\",\"inLanguage\":\"de\",\"@id\":\"https:\/\/www.humanys-solutions.ch\/de\/#\/schema\/logo\/image\/\",\"url\":\"https:\/\/www.humanys-solutions.ch\/wp-content\/uploads\/2023\/06\/Humanys_Solutions_Logo_RVB.png\",\"contentUrl\":\"https:\/\/www.humanys-solutions.ch\/wp-content\/uploads\/2023\/06\/Humanys_Solutions_Logo_RVB.png\",\"width\":567,\"height\":203,\"caption\":\"Humanys Solutions\"},\"image\":{\"@id\":\"https:\/\/www.humanys-solutions.ch\/de\/#\/schema\/logo\/image\/\"}}]}<\/script>\n<!-- \/ Yoast SEO plugin. -->","yoast_head_json":{"title":"Bewerbung einreichen - Humanys Solutions","robots":{"index":"index","follow":"follow","max-snippet":"max-snippet:-1","max-image-preview":"max-image-preview:large","max-video-preview":"max-video-preview:-1"},"canonical":"https:\/\/www.humanys-solutions.ch\/de\/bewerbung-einreichen\/","og_locale":"de_DE","og_type":"article","og_title":"Bewerbung einreichen - Humanys Solutions","og_description":"Bewerbung einreichen","og_url":"https:\/\/www.humanys-solutions.ch\/de\/bewerbung-einreichen\/","og_site_name":"Humanys Solutions","article_modified_time":"2025-11-27T09:16:13+00:00","twitter_card":"summary_large_image","twitter_misc":{"Gesch\u00e4tzte Lesezeit":"1\u00a0Minute"},"schema":{"@context":"https:\/\/schema.org","@graph":[{"@type":"WebPage","@id":"https:\/\/www.humanys-solutions.ch\/de\/bewerbung-einreichen\/","url":"https:\/\/www.humanys-solutions.ch\/de\/bewerbung-einreichen\/","name":"Bewerbung einreichen - Humanys Solutions","isPartOf":{"@id":"https:\/\/www.humanys-solutions.ch\/de\/#website"},"datePublished":"2025-08-04T14:25:47+00:00","dateModified":"2025-11-27T09:16:13+00:00","breadcrumb":{"@id":"https:\/\/www.humanys-solutions.ch\/de\/bewerbung-einreichen\/#breadcrumb"},"inLanguage":"de","potentialAction":[{"@type":"ReadAction","target":["https:\/\/www.humanys-solutions.ch\/de\/bewerbung-einreichen\/"]}]},{"@type":"BreadcrumbList","@id":"https:\/\/www.humanys-solutions.ch\/de\/bewerbung-einreichen\/#breadcrumb","itemListElement":[{"@type":"ListItem","position":1,"name":"Accueil","item":"https:\/\/www.humanys-solutions.ch\/de\/"},{"@type":"ListItem","position":2,"name":"Bewerbung einreichen"}]},{"@type":"WebSite","@id":"https:\/\/www.humanys-solutions.ch\/de\/#website","url":"https:\/\/www.humanys-solutions.ch\/de\/","name":"Humanys Solutions","description":"","publisher":{"@id":"https:\/\/www.humanys-solutions.ch\/de\/#organization"},"potentialAction":[{"@type":"SearchAction","target":{"@type":"EntryPoint","urlTemplate":"https:\/\/www.humanys-solutions.ch\/de\/?s={search_term_string}"},"query-input":{"@type":"PropertyValueSpecification","valueRequired":true,"valueName":"search_term_string"}}],"inLanguage":"de"},{"@type":"Organization","@id":"https:\/\/www.humanys-solutions.ch\/de\/#organization","name":"Humanys Solutions","url":"https:\/\/www.humanys-solutions.ch\/de\/","logo":{"@type":"ImageObject","inLanguage":"de","@id":"https:\/\/www.humanys-solutions.ch\/de\/#\/schema\/logo\/image\/","url":"https:\/\/www.humanys-solutions.ch\/wp-content\/uploads\/2023\/06\/Humanys_Solutions_Logo_RVB.png","contentUrl":"https:\/\/www.humanys-solutions.ch\/wp-content\/uploads\/2023\/06\/Humanys_Solutions_Logo_RVB.png","width":567,"height":203,"caption":"Humanys Solutions"},"image":{"@id":"https:\/\/www.humanys-solutions.ch\/de\/#\/schema\/logo\/image\/"}}]}},"_links":{"self":[{"href":"https:\/\/www.humanys-solutions.ch\/de\/wp-json\/wp\/v2\/pages\/4338","targetHints":{"allow":["GET"]}}],"collection":[{"href":"https:\/\/www.humanys-solutions.ch\/de\/wp-json\/wp\/v2\/pages"}],"about":[{"href":"https:\/\/www.humanys-solutions.ch\/de\/wp-json\/wp\/v2\/types\/page"}],"author":[{"embeddable":true,"href":"https:\/\/www.humanys-solutions.ch\/de\/wp-json\/wp\/v2\/users\/9"}],"replies":[{"embeddable":true,"href":"https:\/\/www.humanys-solutions.ch\/de\/wp-json\/wp\/v2\/comments?post=4338"}],"version-history":[{"count":10,"href":"https:\/\/www.humanys-solutions.ch\/de\/wp-json\/wp\/v2\/pages\/4338\/revisions"}],"predecessor-version":[{"id":4473,"href":"https:\/\/www.humanys-solutions.ch\/de\/wp-json\/wp\/v2\/pages\/4338\/revisions\/4473"}],"wp:attachment":[{"href":"https:\/\/www.humanys-solutions.ch\/de\/wp-json\/wp\/v2\/media?parent=4338"}],"curies":[{"name":"wp","href":"https:\/\/api.w.org\/{rel}","templated":true}]}}